{"id":34,"date":"2009-08-13T12:01:07","date_gmt":"2009-08-13T10:01:07","guid":{"rendered":"http:\/\/www.tuxedo-bigband.de\/wordpress\/?page_id=34"},"modified":"2024-02-19T13:32:27","modified_gmt":"2024-02-19T12:32:27","slug":"referenzen","status":"publish","type":"page","link":"https:\/\/www.tuxedo-bigband.de\/?page_id=34","title":{"rendered":"Referenzen"},"content":{"rendered":"<p><strong><a href=\"https:\/\/www.tuxedo-bigband.de\/?page_id=245\">zu den Presseartikeln<\/a><\/strong><\/p>\n<p><strong>\u00a0<\/strong><\/p>\n<p><strong>Hier finden Sie eine Auswahl von Auftritten aus den vergangen Jahren:<\/strong><\/p>\n<h4>2022<\/h4>\n<p>25.08.\u00a0 Insel-Sommertraum Bettinger M\u00fchle, Schmelz<\/p>\n<p>23.10.\u00a0 Konzert, Stadthalle Lebach<br \/>\n<strong>\u00a0<\/strong><\/p>\n<h4>2021<\/h4>\n<p>01.08.\u00a0 Sommerswing im Volkspark, Kaiserslautern<\/p>\n<h4>2019<\/h4>\n<p>04.05. \u00a0Jazzfr\u00fchschoppen Homburg, Altstadt<\/p>\n<p>25.05.\u00a0 Europafest des Landkreises Saarlouis<br \/>\n<strong>\u00a0<\/strong><\/p>\n<h4>2018<\/h4>\n<p>08.07.\u00a0 Nonnweiler-Kastel, Dorffest<\/p>\n<p>18.07.\u00a0 Sommerswing im Volkspark, Kaiserslautern<\/p>\n<p>19.07.\u00a0 Insel-Sommertraum Bettinger M\u00fchle, Schmelz<\/p>\n<p>27.08.\u00a0 Kaiserslautern, &#8218;Swinging Lautern&#8216;<br \/>\n<strong>\u00a0<\/strong><\/p>\n<h4>2017<\/h4>\n<p>11.01. \u00a0Neujahrsempfang der Ministerpr\u00e4sidentin, Saarlandhalle<\/p>\n<p>05.07.\u00a0 Sommerswing im Volkspark, Kaiserslautern<br \/>\n<strong>\u00a0<\/strong><\/p>\n<h4>2016<\/h4>\n<p>04.06. \u00a0Jazzfr\u00fchschoppen Homburg, Altstadt<\/p>\n<p>26.08. \u00a0Musikfest Lebach-Thalexweiler<\/p>\n<p>23.11. \u00a0Saarl\u00e4ndische Weinpr\u00e4mierung der LWK, Schlo\u00df Saarbr\u00fccken<br \/>\n<strong>\u00a0<\/strong><\/p>\n<h4>2015<\/h4>\n<p>13.02. \u00a0privater Geburtstag, Scheuern<\/p>\n<p>10.05. \u00a0Konzert mit Andy Haderer (WDR-Bigband), Lebach Stadthalle<\/p>\n<p>05.07. \u00a0Musikfest Lebach-Aschbach anl. 10-j\u00e4hriges Bandjubil\u00e4um<\/p>\n<p>10.08. \u00a0SR3 Sommeralm mit Eberhard Schilling, Landsweiler-Reden<\/p>\n<p>03.09. \u00a0Kaiserslautern, &#8218;Swinging Lautern&#8216;<\/p>\n<p>05.09. \u00a0Jazzfr\u00fchschoppen Homburg, Altstadt<\/p>\n<p>31.10. \u00a0Konzert\u00a0Landesgartenschau, Kaiserslautern<\/p>\n<p>20.11. \u00a0Konzert mit Andy Haderer (WDR-Bigband), SLS-Fraulautern<br \/>\n<strong>\u00a0<\/strong><\/p>\n<h4>2014<\/h4>\n<p>03.07.\u00a0\u00a0Bremerhofer Jazzsommer, Kaiserslautern<\/p>\n<p>11.07. \u00a0Daarler Dorffest, Saarbr\u00fccken-St. Arnual<\/p>\n<p>02.08. \u00a0Tholey-Scheuern, Dorffest<\/p>\n<p>15.08. \u00a0Konzert anl. des &#8218;Saarland-Tages&#8216; im Rosengarten Zweibr\u00fccken<\/p>\n<p>28.08. \u00a0Insel-Sommertraum Bettinger M\u00fchle, Schmelz<br \/>\n<strong>\u00a0<\/strong><\/p>\n<h4>2013<\/h4>\n<p>04.05.\u00a0\u00a0SR3 Wine-Lounge in Neunkirchen mit Eberhard Schilling<\/p>\n<p>30.05.\u00a0\u00a0Er\u00f6ffnung Saarlouiser Emmes, Hauptb\u00fchne<\/p>\n<p>09.06.\u00a0\u00a0Tholey-Scheuern, Benefitz-Konzert &#8222;Gemeinsam f\u00fcr Britta&#8220;<\/p>\n<p>27.06.\u00a0\u00a0Bremerhofer Jazzsommer, Kaiserslautern<\/p>\n<p>28.06.\u00a0\u00a0VK-Lauterbach, Dorffest<\/p>\n<p>14.07.\u00a0\u00a0Beach-Sports-Festival, Saarlouis<\/p>\n<p>07.09.\u00a0\u00a0Swingin&#8216; Lautern, Kaiserslautern<br \/>\n<strong>\u00a0<\/strong><\/p>\n<h4>2012<\/h4>\n<p>03.06.\u00a0\u00a0Stadtfest Ottweiler<\/p>\n<p>23.06.\u00a0 F\u00eate de la musique, Kayl\/LUX<\/p>\n<p>24.06.\u00a0 Jazz-Wanderung Burg Nanstein, Landstuhl<\/p>\n<p>28.06.\u00a0 Bremerhofer Jazzsommer, Kaiserslautern<\/p>\n<p>18.07.\u00a0 SR3 Sommeralm mit Eberhard Schilling, Landsweiler-Reden<\/p>\n<p>24.11.\u00a0 Konzert mit Andy Haderer (WDR-Bigband), BigEppel Eppelborn<br \/>\n<strong>\u00a0<\/strong><\/p>\n<h4>2011<\/h4>\n<p>20.03.\u00a0\u00a0SR3 &#8218;Singendes, klingendes Dreil\u00e4ndereck&#8216;, Tholey-Sotzweiler<\/p>\n<p>30.06.\u00a0 Bremerhofer Jazzsommer, Kaiserslautern<\/p>\n<p>13.07.\u00a0 SR3 Sommeralm mit Eberhard Schilling, Landsweiler-Reden<\/p>\n<p>15.07.\u00a0 Kultursommer Lebach<\/p>\n<p>04.08.\u00a0 Insel-Sommertraum Bettinger M\u00fchle, Schmelz<\/p>\n<p>27.08.\u00a0 Privates Hochzeitsevent, Lockweiler<\/p>\n<p>03.09.\u00a0 Swingin&#8216; Lautern, Kaiserslautern<\/p>\n<p>10.09.\u00a0 Gala-Event zur &#8218;Gr\u00fcnen Woche&#8216; in Lebach<br \/>\n<strong>\u00a0<\/strong><\/p>\n<h4>2010<\/h4>\n<p>04.06.\u00a0\u00a0Saarlouiser Emmes, Hauptb\u00fchne<\/p>\n<p>27.06.\u00a0 Stadtfest Lebach<\/p>\n<p>31.10.\u00a0 Abschlu\u00dfgala Landesgartenschau, Kaiserslautern<br \/>\n<strong>\u00a0<\/strong><\/p>\n<h4>2009<\/h4>\n<p>25.03.\u00a0 Gala &#8218;Swing-Abend&#8216; DMG-Dental, K\u00f6ln<\/p>\n<p>29.03.\u00a0 Bundesliga-Sportevent Tischtennis, SLS-Steinrausch<\/p>\n<p>05.04.\u00a0 Bundesliga Basketball-Endspiel (Damen), Saarlouis<\/p>\n<p>21.06.\u00a0 Jazz-Fr\u00fchschoppen, Lauterbach<\/p>\n<p>26.06.\u00a0 &#8218;Tatort Dorfmitte&#8216;, Umweltministerium, Landsweiler-Reden<\/p>\n<p>28.06.\u00a0 Stadtfest Lebach<\/p>\n<p>05.07.\u00a0 Musikfest, Lebach-Aschbach<\/p>\n<p>11.07.\u00a0 Konzert Bettinger M\u00fchle, Schmelz<\/p>\n<p>29.08.\u00a0 Jazzfr\u00fchschoppen Homburg, Altstadt<\/p>\n<p>28.11.\u00a0\u00a0Konzert Illingen, Illipse mit R\u00fcdiger Baldauf (RTL, Pro7)<br \/>\n<strong>\u00a0<\/strong><\/p>\n<h4>2008<\/h4>\n<p>03.05.\u00a0 Konzert anl\u00e4\u00dflich 750-Jahr-Feier Sotzweiler, Heldenrechhalle<\/p>\n<p>10.05.\u00a0 Einweihung &#8218;Kleiner Markt&#8216;, Saarlouis<\/p>\n<p>12.05.\u00a0 Jazz-Fr\u00fchschoppen in Tholey-Lindscheid<\/p>\n<p>25.05.\u00a0 Er\u00f6ffnungsveranstaltung Lokschuppen in Dillingen<\/p>\n<p>01.06.\u00a0 Quierschied, Musikfest<\/p>\n<p>15.06.\u00a0 Jazz-Fr\u00fchschoppen, VK-Lauterbach<\/p>\n<p>21.06.\u00a0 Zweibr\u00fccken, Kulturpark &#8222;Europas Rosengarten&#8220;<\/p>\n<p>06.07.\u00a0 Musikfest, Lebach-Aschbach<\/p>\n<p>22.08.\u00a0 &#8218;Lebacher Kultursommer&#8216;, Lebach<\/p>\n<p>06.09.\u00a0 Kaiserslautern, &#8218;Swinging Lautern&#8216;<\/p>\n<p>18.09.\u00a0 Zweibr\u00fccken, Jazztage<\/p>\n<p>18.11.\u00a0 &#8218;Tatort Dorfmitte&#8216;, Umweltministerium, Theley<\/p>\n<p>21.11.\u00a0 P\u00fcttlingen, Konzert Stadthalle in Kooperation mit dem Deutsch-Amerikanischen Institut<\/p>\n<p>22.11.\u00a0 Show-Begleitung Ingrid Peters, Merzig Stadthalle<\/p>\n<p>29.11.\u00a0\u00a0Konzert mit R\u00fcdiger Baldauf (RTL, Pro7), Eppelborn im BigEppel<br \/>\n<strong>\u00a0<\/strong><\/p>\n<h4>2007<\/h4>\n<p>01.01.\u00a0 Neujahrs-Empfang von Bundeskanzlerin Angela Merkel in Saarlouis<\/p>\n<p>02.03.\u00a0 Live-Sendung &#8218;Singendes, klingendes Dreil\u00e4ndereck&#8216; beim Saarl\u00e4ndischen Rundfunk<\/p>\n<p>31.05.\u00a0 Er\u00f6ffnungs-Veranstaltung der Saarlouiser Emmes<\/p>\n<p>30.06.\u00a0\u00a0Festkommers Sportverein Dillingen-Diefflen<\/p>\n<p>01.07.\u00a0 Musikfest, Lebach-Aschbach<\/p>\n<p>06.07.\u00a0 Konzert im Weltkulturerbe beim &#8218;V\u00f6lklinger H\u00fcttenjazz&#8216;<\/p>\n<p>04.09.\u00a0 Firmen-Event Carl Zeiss NTS GmbH im Weltkulturerbe V\u00f6lklingen<\/p>\n<p>6.+7.10.\u00a0 Konzert in St. Nazaire (Frankreich) im Rahmen der St\u00e4dtepartnerschaft<\/p>\n<p>21.12.\u00a0 Konzert beim Deutsch-Amerikanischen Institut in Saarbr\u00fccken<br \/>\n<strong>\u00a0<\/strong><\/p>\n<h4>2006<\/h4>\n<p>10.03. \u00a0Tholey-Sotzweiler<\/p>\n<p>14.05.\u00a0 Konzert mit R\u00fcdiger Baldauf (RTL, Pro7), Lebach Stadthalle<\/p>\n<p>02.07. \u00a0Deutsch-Franz\u00f6sisches Freundschaftsfest, Schaumberg (Tholey)<\/p>\n<p>02.07.\u00a0 Musikfest, Lebach-Aschbach<\/p>\n<p>14.07.\u00a0 Musikfest, Lebach-Thaleweiler<\/p>\n<p>08.10.\u00a0\u00a0Konzert anl. Jubil\u00e4um MV-Steinbach, Kulturhalle Lebach-Steinbach<br \/>\n<strong>\u00a0<\/strong><\/p>\n<h4>2005<\/h4>\n<p>03.07.\u00a0 Musikfest Lebach-Aschbach, &#8211;PREMIERE&#8211;<\/p>\n<p>23.07.\u00a0\u00a0Musikfest Quierschied<\/p>\n<p>26.08.\u00a0 &#8218;Lebacher Kultursommer&#8216;, Lebach<\/p>","protected":false},"excerpt":{"rendered":"<p>zu den Presseartikeln \u00a0 Hier finden Sie eine Auswahl von Auftritten aus den vergangen Jahren: 2022 25.08.\u00a0 Insel-Sommertraum Bettinger M\u00fchle, Schmelz 23.10.\u00a0 Konzert, Stadthalle Lebach \u00a0 2021 01.08.\u00a0 Sommerswing im Volkspark, Kaiserslautern 2019 04.05. \u00a0Jazzfr\u00fchschoppen Homburg, Altstadt 25.05.\u00a0 Europafest des Landkreises Saarlouis \u00a0 2018 08.07.\u00a0 Nonnweiler-Kastel, Dorffest 18.07.\u00a0 Sommerswing im Volkspark, Kaiserslautern 19.07.\u00a0 Insel-Sommertraum Bettinger [&hellip;]<\/p>","protected":false},"author":2,"featured_media":0,"parent":0,"menu_order":3,"comment_status":"closed","ping_status":"closed","template":"","meta":{"footnotes":""},"class_list":["post-34","page","type-page","status-publish","hentry"],"_links":{"self":[{"href":"https:\/\/www.tuxedo-bigband.de\/index.php?rest_route=\/wp\/v2\/pages\/34","targetHints":{"allow":["GET"]}}],"collection":[{"href":"https:\/\/www.tuxedo-bigband.de\/index.php?rest_route=\/wp\/v2\/pages"}],"about":[{"href":"https:\/\/www.tuxedo-bigband.de\/index.php?rest_route=\/wp\/v2\/types\/page"}],"author":[{"embeddable":true,"href":"https:\/\/www.tuxedo-bigband.de\/index.php?rest_route=\/wp\/v2\/users\/2"}],"replies":[{"embeddable":true,"href":"https:\/\/www.tuxedo-bigband.de\/index.php?rest_route=%2Fwp%2Fv2%2Fcomments&post=34"}],"version-history":[{"count":31,"href":"https:\/\/www.tuxedo-bigband.de\/index.php?rest_route=\/wp\/v2\/pages\/34\/revisions"}],"predecessor-version":[{"id":1055,"href":"https:\/\/www.tuxedo-bigband.de\/index.php?rest_route=\/wp\/v2\/pages\/34\/revisions\/1055"}],"wp:attachment":[{"href":"https:\/\/www.tuxedo-bigband.de\/index.php?rest_route=%2Fwp%2Fv2%2Fmedia&parent=34"}],"curies":[{"name":"wp","href":"https:\/\/api.w.org\/{rel}","templated":true}]}}