{"id":2,"date":"2009-08-13T08:03:55","date_gmt":"2009-08-13T07:03:55","guid":{"rendered":"http:\/\/www.tuxedo-bigband.de\/wordpress\/?page_id=2"},"modified":"2021-07-14T08:29:13","modified_gmt":"2021-07-14T07:29:13","slug":"eine-seite","status":"publish","type":"page","link":"https:\/\/www.tuxedo-bigband.de\/?page_id=2","title":{"rendered":"Die Band"},"content":{"rendered":"<p>Um ein anspruchsvolles, hohes Niveau der Musikqualit\u00e4t leisten zu k\u00f6nnen, besteht die Band nicht nur aus sehr guten Amateur-Musikern, sondern sie wird unterst\u00fctzt von Profi-Musikern, die teils im Studium sind und teils langj\u00e4hrige B\u00fchnenerfahrung mitbringen.<\/p>\n<table style=\"height: 249px;\" border=\"1\" width=\"865\">\n<tbody>\n<tr>\n<td><strong>SR2-Sendung vom 14.09.2013<br \/>\n(Nike Keisinger\/Denise Dreyer)<\/strong><\/td>\n<td style=\"min-width: 250px;\"><!--[if lt IE 9]><script>document.createElement('audio');<\/script><![endif]-->\n<audio class=\"wp-audio-shortcode\" id=\"audio-2-1\" preload=\"none\" style=\"width: 100%;\" controls=\"controls\"><source type=\"audio\/mpeg\" src=\"https:\/\/www.tuxedo-bigband.de\/wp-content\/uploads\/2021\/07\/SR2_Nike_Keisinger.mp3?_=1\" \/><a href=\"https:\/\/www.tuxedo-bigband.de\/wp-content\/uploads\/2021\/07\/SR2_Nike_Keisinger.mp3\">https:\/\/www.tuxedo-bigband.de\/wp-content\/uploads\/2021\/07\/SR2_Nike_Keisinger.mp3<\/a><\/audio><\/td>\n<\/tr>\n<tr>\n<td><strong>SR2-Musikwelt: Interview mit Johannes Kloth<br \/>\nam 18.11.2015<br \/>\n<\/strong><\/td>\n<td><audio class=\"wp-audio-shortcode\" id=\"audio-2-2\" preload=\"none\" style=\"width: 100%;\" controls=\"controls\"><source type=\"audio\/mpeg\" src=\"https:\/\/www.tuxedo-bigband.de\/wp-content\/uploads\/2021\/07\/SR2_Johannes_Kloth.mp3?_=2\" \/><a href=\"https:\/\/www.tuxedo-bigband.de\/wp-content\/uploads\/2021\/07\/SR2_Johannes_Kloth.mp3\">https:\/\/www.tuxedo-bigband.de\/wp-content\/uploads\/2021\/07\/SR2_Johannes_Kloth.mp3<\/a><\/audio><\/td>\n<\/tr>\n<tr>\n<td><strong> CD-Pr\u00e4sentation auf SR3 &#8218;Musikb\u00fchne Saar&#8216;<br \/>\nam 24.08.2014\u00a0mit Susanne Wachs (SR)<\/strong><\/td>\n<td><audio class=\"wp-audio-shortcode\" id=\"audio-2-3\" preload=\"none\" style=\"width: 100%;\" controls=\"controls\"><source type=\"audio\/mpeg\" src=\"https:\/\/www.tuxedo-bigband.de\/wp-content\/uploads\/2021\/07\/SR3_Musikbuehne_Saar.mp3?_=3\" \/><a href=\"https:\/\/www.tuxedo-bigband.de\/wp-content\/uploads\/2021\/07\/SR3_Musikbuehne_Saar.mp3\">https:\/\/www.tuxedo-bigband.de\/wp-content\/uploads\/2021\/07\/SR3_Musikbuehne_Saar.mp3<\/a><\/audio><\/td>\n<\/tr>\n<\/tbody>\n<\/table>\n<p>&nbsp;<\/p>\n<p><strong><span style=\"text-decoration: underline;\">Aktuelle Bandmitglieder<\/span><\/strong><\/p>\n<p><strong>Leitung\/Konzeption<\/strong><\/p>\n<p>J\u00fcrgen Balzer<\/p>\n<p><strong>Gesang<\/strong><\/p>\n<p>Sabine Becker, Peter Spang<\/p>\n<p><strong>Saxofone<\/strong><\/p>\n<p>Matthias Jung, Franck Ansalone (Frankreich),\u00a0Andreas Fischer,\u00a0Henning Kiefer, Thomas Buchholz,\u00a0Ingo Detemple, Paul Alt<\/p>\n<p><strong>Trompeten<\/strong><\/p>\n<p>Jens Sch\u00e4fer, Christoph Selzer,\u00a0Christian Gehl, Walter Schleich, Albert Sch\u00e4fer, Matthias Heckmann, Hans Nicolay<\/p>\n<p><strong>Posaunen<\/strong><\/p>\n<p>Roman M\u00fcller, Alexander Gebel, Thomas Kallenborn, Marcel Schmitt, Knut Grausam, Simon Br\u00fcck<\/p>\n<p><strong>Schlagzeug\/Percussion<\/strong><\/p>\n<p>Manuel Schwierczek, Steffen Balzer<\/p>\n<p><strong>Bass<\/strong><\/p>\n<p>Peter Spang<\/p>\n<p><strong>Keyboard<\/strong><\/p>\n<p>Helga Lippert<\/p>\n<p><strong>Gitarre<\/strong><\/p>\n<p>Stephan Sauer<\/p>","protected":false},"excerpt":{"rendered":"<p>Um ein anspruchsvolles, hohes Niveau der Musikqualit\u00e4t leisten zu k\u00f6nnen, besteht die Band nicht nur aus sehr guten Amateur-Musikern, sondern sie wird unterst\u00fctzt von Profi-Musikern, die teils im Studium sind und teils langj\u00e4hrige B\u00fchnenerfahrung mitbringen. SR2-Sendung vom 14.09.2013 (Nike Keisinger\/Denise Dreyer) SR2-Musikwelt: Interview mit Johannes Kloth am 18.11.2015 CD-Pr\u00e4sentation auf SR3 &#8218;Musikb\u00fchne Saar&#8216; am 24.08.2014\u00a0mit [&hellip;]<\/p>","protected":false},"author":2,"featured_media":0,"parent":0,"menu_order":0,"comment_status":"closed","ping_status":"closed","template":"","meta":{"footnotes":""},"class_list":["post-2","page","type-page","status-publish","hentry"],"_links":{"self":[{"href":"https:\/\/www.tuxedo-bigband.de\/index.php?rest_route=\/wp\/v2\/pages\/2","targetHints":{"allow":["GET"]}}],"collection":[{"href":"https:\/\/www.tuxedo-bigband.de\/index.php?rest_route=\/wp\/v2\/pages"}],"about":[{"href":"https:\/\/www.tuxedo-bigband.de\/index.php?rest_route=\/wp\/v2\/types\/page"}],"author":[{"embeddable":true,"href":"https:\/\/www.tuxedo-bigband.de\/index.php?rest_route=\/wp\/v2\/users\/2"}],"replies":[{"embeddable":true,"href":"https:\/\/www.tuxedo-bigband.de\/index.php?rest_route=%2Fwp%2Fv2%2Fcomments&post=2"}],"version-history":[{"count":56,"href":"https:\/\/www.tuxedo-bigband.de\/index.php?rest_route=\/wp\/v2\/pages\/2\/revisions"}],"predecessor-version":[{"id":999,"href":"https:\/\/www.tuxedo-bigband.de\/index.php?rest_route=\/wp\/v2\/pages\/2\/revisions\/999"}],"wp:attachment":[{"href":"https:\/\/www.tuxedo-bigband.de\/index.php?rest_route=%2Fwp%2Fv2%2Fmedia&parent=2"}],"curies":[{"name":"wp","href":"https:\/\/api.w.org\/{rel}","templated":true}]}}